{"id":691,"date":"2020-09-02T14:30:23","date_gmt":"2020-09-02T11:30:23","guid":{"rendered":"https:\/\/karting.ukrcontext.agency\/?page_id=691"},"modified":"2025-03-14T15:26:38","modified_gmt":"2025-03-14T13:26:38","slug":"rapla-vaba-aeg","status":"publish","type":"page","link":"https:\/\/www.karting.ee\/en\/rapla\/rapla-vaba-aeg\/","title":{"rendered":"Rapla Vaba aeg"},"content":{"rendered":"<div data-elementor-type=\"wp-page\" data-elementor-id=\"691\" class=\"elementor elementor-691\">\n\t\t\t\t\t\t<section data-particle_enable=\"false\" data-particle-mobile-disabled=\"false\" class=\"elementor-section elementor-top-section elementor-element elementor-element-64ab0c9 elementor-section-boxed elementor-section-height-default elementor-section-height-default\" data-id=\"64ab0c9\" data-element_type=\"section\" data-settings=\"{&quot;background_background&quot;:&quot;classic&quot;}\">\n\t\t\t\t\t\t<div class=\"elementor-container elementor-column-gap-default\">\n\t\t\t\t\t<div class=\"elementor-column elementor-col-100 elementor-top-column elementor-element elementor-element-ae8407e\" data-id=\"ae8407e\" data-element_type=\"column\">\n\t\t\t<div class=\"elementor-widget-wrap elementor-element-populated\">\n\t\t\t\t\t\t<div class=\"elementor-element elementor-element-7f48a9d elementor-invisible elementor-widget elementor-widget-heading\" data-id=\"7f48a9d\" data-element_type=\"widget\" data-settings=\"{&quot;_animation&quot;:&quot;slideInLeft&quot;}\" data-widget_type=\"heading.default\">\n\t\t\t\t<div class=\"elementor-widget-container\">\n\t\t\t<h1 class=\"elementor-heading-title elementor-size-default\"><a href=\"https:\/\/www.karting.ee\/en\/rapla\/\">RAPLA VABA AEG<\/a><\/h1>\t\t<\/div>\n\t\t\t\t<\/div>\n\t\t\t\t\t<\/div>\n\t\t<\/div>\n\t\t\t\t\t<\/div>\n\t\t<\/section>\n\t\t\t\t<section data-particle_enable=\"false\" data-particle-mobile-disabled=\"false\" class=\"elementor-section elementor-top-section elementor-element elementor-element-2750025 elementor-section-full_width elementor-section-height-default elementor-section-height-default\" data-id=\"2750025\" data-element_type=\"section\" data-settings=\"{&quot;background_background&quot;:&quot;classic&quot;}\">\n\t\t\t\t\t\t<div class=\"elementor-container elementor-column-gap-default\">\n\t\t\t\t\t<div class=\"elementor-column elementor-col-100 elementor-top-column elementor-element elementor-element-b5f0288\" data-id=\"b5f0288\" data-element_type=\"column\">\n\t\t\t<div class=\"elementor-widget-wrap elementor-element-populated\">\n\t\t\t\t\t\t<div class=\"elementor-element elementor-element-d50560f elementor-nav-menu__align-center elementor-nav-menu--dropdown-none elementor-widget elementor-widget-nav-menu\" data-id=\"d50560f\" data-element_type=\"widget\" data-settings=\"{&quot;layout&quot;:&quot;horizontal&quot;,&quot;submenu_icon&quot;:{&quot;value&quot;:&quot;&lt;i class=\\&quot;fas fa-caret-down\\&quot;&gt;&lt;\\\/i&gt;&quot;,&quot;library&quot;:&quot;fa-solid&quot;}}\" data-widget_type=\"nav-menu.default\">\n\t\t\t\t<div class=\"elementor-widget-container\">\n\t\t\t\t\t\t<nav migration_allowed=\"1\" migrated=\"0\" class=\"elementor-nav-menu--main elementor-nav-menu__container elementor-nav-menu--layout-horizontal e--pointer-background e--animation-fade\">\n\t\t\t\t<ul id=\"menu-1-d50560f\" class=\"elementor-nav-menu\"><li class=\"menu-item menu-item-type-post_type menu-item-object-page menu-item-703\"><a href=\"https:\/\/www.karting.ee\/en\/rapla\/\" class=\"elementor-item menu-link\">Track and booking<\/a><\/li>\n<li class=\"menu-item menu-item-type-post_type menu-item-object-page menu-item-705\"><a href=\"https:\/\/www.karting.ee\/en\/rapla\/rapla-kardid\/\" class=\"elementor-item menu-link\">Go-karts<\/a><\/li>\n<li class=\"menu-item menu-item-type-post_type menu-item-object-page menu-item-774\"><a href=\"https:\/\/www.karting.ee\/en\/rapla\/rapla-galerii\/\" class=\"elementor-item menu-link\">Gallery<\/a><\/li>\n<li class=\"menu-item menu-item-type-post_type menu-item-object-page menu-item-706\"><a href=\"https:\/\/www.karting.ee\/en\/rapla\/rapla-vaba-aeg\/\" class=\"elementor-item menu-link\">Free time<\/a><\/li>\n<li class=\"menu-item menu-item-type-post_type menu-item-object-page menu-item-700\"><a href=\"https:\/\/www.karting.ee\/en\/rapla\/rapla-ajalugu\/\" class=\"elementor-item menu-link\">History<\/a><\/li>\n<li class=\"menu-item menu-item-type-post_type menu-item-object-page menu-item-702\"><a href=\"https:\/\/www.karting.ee\/en\/rapla\/rapla-rajarekordid\/\" class=\"elementor-item menu-link\">Track records<\/a><\/li>\n<li class=\"menu-item menu-item-type-post_type menu-item-object-page menu-item-1100\"><a href=\"https:\/\/www.karting.ee\/en\/rapla\/projektid\/\" class=\"elementor-item menu-link\">Projektid<\/a><\/li>\n<\/ul>\t\t\t<\/nav>\n\t\t\t\t\t<div class=\"elementor-menu-toggle\" role=\"button\" tabindex=\"0\" aria-label=\"Menu Toggle\" aria-expanded=\"false\">\n\t\t\t<i aria-hidden=\"true\" role=\"presentation\" class=\"elementor-menu-toggle__icon--open eicon-menu-bar\"><\/i><i aria-hidden=\"true\" role=\"presentation\" class=\"elementor-menu-toggle__icon--close eicon-close\"><\/i>\t\t\t<span class=\"elementor-screen-only\">Menu<\/span>\n\t\t<\/div>\n\t\t\t<nav class=\"elementor-nav-menu--dropdown elementor-nav-menu__container\" aria-hidden=\"true\">\n\t\t\t\t<ul id=\"menu-2-d50560f\" class=\"elementor-nav-menu\"><li class=\"menu-item menu-item-type-post_type menu-item-object-page menu-item-703\"><a href=\"https:\/\/www.karting.ee\/en\/rapla\/\" class=\"elementor-item menu-link\" tabindex=\"-1\">Track and booking<\/a><\/li>\n<li class=\"menu-item menu-item-type-post_type menu-item-object-page menu-item-705\"><a href=\"https:\/\/www.karting.ee\/en\/rapla\/rapla-kardid\/\" class=\"elementor-item menu-link\" tabindex=\"-1\">Go-karts<\/a><\/li>\n<li class=\"menu-item menu-item-type-post_type menu-item-object-page menu-item-774\"><a href=\"https:\/\/www.karting.ee\/en\/rapla\/rapla-galerii\/\" class=\"elementor-item menu-link\" tabindex=\"-1\">Gallery<\/a><\/li>\n<li class=\"menu-item menu-item-type-post_type menu-item-object-page menu-item-706\"><a href=\"https:\/\/www.karting.ee\/en\/rapla\/rapla-vaba-aeg\/\" class=\"elementor-item menu-link\" tabindex=\"-1\">Free time<\/a><\/li>\n<li class=\"menu-item menu-item-type-post_type menu-item-object-page menu-item-700\"><a href=\"https:\/\/www.karting.ee\/en\/rapla\/rapla-ajalugu\/\" class=\"elementor-item menu-link\" tabindex=\"-1\">History<\/a><\/li>\n<li class=\"menu-item menu-item-type-post_type menu-item-object-page menu-item-702\"><a href=\"https:\/\/www.karting.ee\/en\/rapla\/rapla-rajarekordid\/\" class=\"elementor-item menu-link\" tabindex=\"-1\">Track records<\/a><\/li>\n<li class=\"menu-item menu-item-type-post_type menu-item-object-page menu-item-1100\"><a href=\"https:\/\/www.karting.ee\/en\/rapla\/projektid\/\" class=\"elementor-item menu-link\" tabindex=\"-1\">Projektid<\/a><\/li>\n<\/ul>\t\t\t<\/nav>\n\t\t\t\t<\/div>\n\t\t\t\t<\/div>\n\t\t\t\t\t<\/div>\n\t\t<\/div>\n\t\t\t\t\t<\/div>\n\t\t<\/section>\n\t\t\t\t<section data-particle_enable=\"false\" data-particle-mobile-disabled=\"false\" class=\"elementor-section elementor-top-section elementor-element elementor-element-e64c831 elementor-section-full_width elementor-section-height-default elementor-section-height-default\" data-id=\"e64c831\" data-element_type=\"section\" data-settings=\"{&quot;background_background&quot;:&quot;classic&quot;}\">\n\t\t\t\t\t\t<div class=\"elementor-container elementor-column-gap-default\">\n\t\t\t\t\t<div class=\"elementor-column elementor-col-100 elementor-top-column elementor-element elementor-element-733cef3\" data-id=\"733cef3\" data-element_type=\"column\">\n\t\t\t<div class=\"elementor-widget-wrap elementor-element-populated\">\n\t\t\t\t\t\t<div class=\"elementor-element elementor-element-d687332 elementor-nav-menu__align-center elementor-nav-menu--dropdown-none elementor-widget elementor-widget-nav-menu\" data-id=\"d687332\" data-element_type=\"widget\" data-settings=\"{&quot;layout&quot;:&quot;horizontal&quot;,&quot;submenu_icon&quot;:{&quot;value&quot;:&quot;&lt;i class=\\&quot;fas fa-caret-down\\&quot;&gt;&lt;\\\/i&gt;&quot;,&quot;library&quot;:&quot;fa-solid&quot;}}\" data-widget_type=\"nav-menu.default\">\n\t\t\t\t<div class=\"elementor-widget-container\">\n\t\t\t\t\t\t<nav migration_allowed=\"1\" migrated=\"0\" class=\"elementor-nav-menu--main elementor-nav-menu__container elementor-nav-menu--layout-horizontal e--pointer-background e--animation-fade\">\n\t\t\t\t<ul id=\"menu-1-d687332\" class=\"elementor-nav-menu\"><li class=\"menu-item menu-item-type-custom menu-item-object-custom menu-item-723\"><a href=\"https:\/\/www.karting.ee\/en\/rapla-vaba-aeg\/#raja\" class=\"elementor-item elementor-item-anchor menu-link\">USE OF THE TRACK<\/a><\/li>\n<li class=\"menu-item menu-item-type-custom menu-item-object-custom menu-item-725\"><a href=\"#hobikart\" class=\"elementor-item elementor-item-anchor menu-link\">Go-kart<\/a><\/li>\n<li class=\"menu-item menu-item-type-custom menu-item-object-custom menu-item-726\"><a href=\"#v\u00f5istlus\" class=\"elementor-item elementor-item-anchor menu-link\">RENTAL OF COMPETITION KARTS<\/a><\/li>\n<li class=\"menu-item menu-item-type-custom menu-item-object-custom menu-item-727\"><a href=\"#aktiivne\" class=\"elementor-item elementor-item-anchor menu-link\">ACTIVE HOLIDAYS - MORE OPPORTUNITIES<\/a><\/li>\n<\/ul>\t\t\t<\/nav>\n\t\t\t\t\t<div class=\"elementor-menu-toggle\" role=\"button\" tabindex=\"0\" aria-label=\"Menu Toggle\" aria-expanded=\"false\">\n\t\t\t<i aria-hidden=\"true\" role=\"presentation\" class=\"elementor-menu-toggle__icon--open eicon-menu-bar\"><\/i><i aria-hidden=\"true\" role=\"presentation\" class=\"elementor-menu-toggle__icon--close eicon-close\"><\/i>\t\t\t<span class=\"elementor-screen-only\">Menu<\/span>\n\t\t<\/div>\n\t\t\t<nav class=\"elementor-nav-menu--dropdown elementor-nav-menu__container\" aria-hidden=\"true\">\n\t\t\t\t<ul id=\"menu-2-d687332\" class=\"elementor-nav-menu\"><li class=\"menu-item menu-item-type-custom menu-item-object-custom menu-item-723\"><a href=\"https:\/\/www.karting.ee\/en\/rapla-vaba-aeg\/#raja\" class=\"elementor-item elementor-item-anchor menu-link\" tabindex=\"-1\">USE OF THE TRACK<\/a><\/li>\n<li class=\"menu-item menu-item-type-custom menu-item-object-custom menu-item-725\"><a href=\"#hobikart\" class=\"elementor-item elementor-item-anchor menu-link\" tabindex=\"-1\">Go-kart<\/a><\/li>\n<li class=\"menu-item menu-item-type-custom menu-item-object-custom menu-item-726\"><a href=\"#v\u00f5istlus\" class=\"elementor-item elementor-item-anchor menu-link\" tabindex=\"-1\">RENTAL OF COMPETITION KARTS<\/a><\/li>\n<li class=\"menu-item menu-item-type-custom menu-item-object-custom menu-item-727\"><a href=\"#aktiivne\" class=\"elementor-item elementor-item-anchor menu-link\" tabindex=\"-1\">ACTIVE HOLIDAYS - MORE OPPORTUNITIES<\/a><\/li>\n<\/ul>\t\t\t<\/nav>\n\t\t\t\t<\/div>\n\t\t\t\t<\/div>\n\t\t\t\t\t<\/div>\n\t\t<\/div>\n\t\t\t\t\t<\/div>\n\t\t<\/section>\n\t\t\t\t<section data-particle_enable=\"false\" data-particle-mobile-disabled=\"false\" class=\"elementor-section elementor-top-section elementor-element elementor-element-63ed998 elementor-section-boxed elementor-section-height-default elementor-section-height-default\" data-id=\"63ed998\" data-element_type=\"section\" data-settings=\"{&quot;background_background&quot;:&quot;classic&quot;}\">\n\t\t\t\t\t\t<div class=\"elementor-container elementor-column-gap-default\">\n\t\t\t\t\t<div class=\"elementor-column elementor-col-100 elementor-top-column elementor-element elementor-element-0baa87c elementor-invisible\" data-id=\"0baa87c\" data-element_type=\"column\" data-settings=\"{&quot;background_background&quot;:&quot;gradient&quot;,&quot;animation&quot;:&quot;fadeInLeft&quot;}\">\n\t\t\t<div class=\"elementor-widget-wrap elementor-element-populated\">\n\t\t\t\t\t\t<div class=\"elementor-element elementor-element-ea67305 elementor-widget elementor-widget-heading\" data-id=\"ea67305\" data-element_type=\"widget\" data-widget_type=\"heading.default\">\n\t\t\t\t<div class=\"elementor-widget-container\">\n\t\t\t<h2 class=\"elementor-heading-title elementor-size-default\">Rapla go-kart center<\/h2>\t\t<\/div>\n\t\t\t\t<\/div>\n\t\t\t\t<div class=\"elementor-element elementor-element-473bdf9 elementor-widget elementor-widget-text-editor\" data-id=\"473bdf9\" data-element_type=\"widget\" data-widget_type=\"text-editor.default\">\n\t\t\t\t<div class=\"elementor-widget-container\">\n\t\t\t\t\t\t\t<p>Raja pikkus ning v\u00e4iksem kurvide arv teevad Rapla kardirajast \u00fche kiireima raja Eestis. Asfaltkattega kardirajaga on seotud 400m pikkune kurvide, t\u00f5usude ja trampliiniga kruusal\u00f5ik, mida kasutab supermoto. Raja \u00e4\u00e4res on kolmekorruseline pealtvaatajate trib\u00fc\u00fcn. Hoonestust raja juurde ei kuulu.<\/p>\t\t\t\t\t\t<\/div>\n\t\t\t\t<\/div>\n\t\t\t\t\t<\/div>\n\t\t<\/div>\n\t\t\t\t\t<\/div>\n\t\t<\/section>\n\t\t\t\t<section data-particle_enable=\"false\" data-particle-mobile-disabled=\"false\" class=\"elementor-section elementor-top-section elementor-element elementor-element-0ce1b4f elementor-section-boxed elementor-section-height-default elementor-section-height-default\" data-id=\"0ce1b4f\" data-element_type=\"section\" data-settings=\"{&quot;background_background&quot;:&quot;classic&quot;}\">\n\t\t\t\t\t\t<div class=\"elementor-container elementor-column-gap-default\">\n\t\t\t\t\t<div class=\"elementor-column elementor-col-100 elementor-top-column elementor-element elementor-element-20ab7b1\" data-id=\"20ab7b1\" data-element_type=\"column\" data-settings=\"{&quot;background_background&quot;:&quot;classic&quot;}\">\n\t\t\t<div class=\"elementor-widget-wrap elementor-element-populated\">\n\t\t\t\t\t\t<div class=\"elementor-element elementor-element-9a1c71c elementor-widget elementor-widget-text-editor\" data-id=\"9a1c71c\" data-element_type=\"widget\" data-widget_type=\"text-editor.default\">\n\t\t\t\t<div class=\"elementor-widget-container\">\n\t\t\t\t\t\t\t<p>Kardirada kasutavad lisaks tehnikasportlastele ka tervisesportlased (nt rulluisutamiseks, jalgrattas\u00f5iduks jne). Rada asub looduslikult kaunis kohas ja sobib vaba aja veetmiseks.<\/p><p>Kardirada kasutavad v\u00f5istluskardid, crosskardid, autod ja mootorrattad. Rapla kardirajal toimuvad k\u00f5rgetasemelised v\u00f5istlused, mis on p\u00f5nevad ja nauditavad k\u00f5ikidele motospordihuvilistele. 2019 toimunud v\u00f5istlused: Eesti Meistriv\u00f5istlused kardispordis, PROKART Eesti karikav\u00f5istlused, Supermoto Eesti MV, Supermoto L\u00e4ti MV, Supermoto Soome MV, erinevad kereautode v\u00f5istlused.<\/p><p>\u00a0<\/p>\t\t\t\t\t\t<\/div>\n\t\t\t\t<\/div>\n\t\t\t\t\t<\/div>\n\t\t<\/div>\n\t\t\t\t\t<\/div>\n\t\t<\/section>\n\t\t\t\t<section data-particle_enable=\"false\" data-particle-mobile-disabled=\"false\" class=\"elementor-section elementor-top-section elementor-element elementor-element-8ce738b elementor-section-boxed elementor-section-height-default elementor-section-height-default\" data-id=\"8ce738b\" data-element_type=\"section\" id=\"raja\" data-settings=\"{&quot;background_background&quot;:&quot;classic&quot;}\">\n\t\t\t\t\t\t<div class=\"elementor-container elementor-column-gap-default\">\n\t\t\t\t\t<div class=\"elementor-column elementor-col-100 elementor-top-column elementor-element elementor-element-6d25f44 elementor-invisible\" data-id=\"6d25f44\" data-element_type=\"column\" data-settings=\"{&quot;background_background&quot;:&quot;gradient&quot;,&quot;animation&quot;:&quot;fadeInLeft&quot;}\">\n\t\t\t<div class=\"elementor-widget-wrap elementor-element-populated\">\n\t\t\t\t\t\t<div class=\"elementor-element elementor-element-bbebe47 elementor-widget elementor-widget-heading\" data-id=\"bbebe47\" data-element_type=\"widget\" data-widget_type=\"heading.default\">\n\t\t\t\t<div class=\"elementor-widget-container\">\n\t\t\t<h2 class=\"elementor-heading-title elementor-size-default\">USE OF THE TRACK<\/h2>\t\t<\/div>\n\t\t\t\t<\/div>\n\t\t\t\t<div class=\"elementor-element elementor-element-33b1dc2 elementor-widget elementor-widget-text-editor\" data-id=\"33b1dc2\" data-element_type=\"widget\" data-widget_type=\"text-editor.default\">\n\t\t\t\t<div class=\"elementor-widget-container\">\n\t\t\t\t\t\t\t<p>Rapla kardirada kasutavad v\u00f5istluskardid, crosskardid, mootorrattad ja autod. Broneeringu tegemiseks ja info saamiseks kirjuta v\u00f5i helista meie kontaktidele. Raja kasutamine oma tehnikaga (v\u00f5istluskardid, mootorrattad) maksab 1 inimene 1 p\u00e4ev 40 eurot olenemata raja kasutamise aja pikkusest. Raja kasutamine autoga\/crosskardiga maksab 50\u20ac p\u00e4ev auto kohta.<\/p><p>NB!<br \/>Rapla kardirajal driftiautod keelatud!<\/p>\t\t\t\t\t\t<\/div>\n\t\t\t\t<\/div>\n\t\t\t\t\t<\/div>\n\t\t<\/div>\n\t\t\t\t\t<\/div>\n\t\t<\/section>\n\t\t\t\t<section data-particle_enable=\"false\" data-particle-mobile-disabled=\"false\" class=\"elementor-section elementor-top-section elementor-element elementor-element-234d8c1 elementor-section-boxed elementor-section-height-default elementor-section-height-default\" data-id=\"234d8c1\" data-element_type=\"section\" id=\"hobikart\" data-settings=\"{&quot;background_background&quot;:&quot;classic&quot;}\">\n\t\t\t\t\t\t<div class=\"elementor-container elementor-column-gap-default\">\n\t\t\t\t\t<div class=\"elementor-column elementor-col-100 elementor-top-column elementor-element elementor-element-361a47c elementor-invisible\" data-id=\"361a47c\" data-element_type=\"column\" data-settings=\"{&quot;background_background&quot;:&quot;classic&quot;,&quot;animation&quot;:&quot;fadeInRight&quot;}\">\n\t\t\t<div class=\"elementor-widget-wrap elementor-element-populated\">\n\t\t\t\t\t\t<div class=\"elementor-element elementor-element-187f11b elementor-widget elementor-widget-heading\" data-id=\"187f11b\" data-element_type=\"widget\" data-widget_type=\"heading.default\">\n\t\t\t\t<div class=\"elementor-widget-container\">\n\t\t\t<h2 class=\"elementor-heading-title elementor-size-default\">Go-kart<\/h2>\t\t<\/div>\n\t\t\t\t<\/div>\n\t\t\t\t<div class=\"elementor-element elementor-element-c2cee98 elementor-widget elementor-widget-text-editor\" data-id=\"c2cee98\" data-element_type=\"widget\" data-widget_type=\"text-editor.default\">\n\t\t\t\t<div class=\"elementor-widget-container\">\n\t\t\t\t\t\t\t<p><b>The longest and widest karting track in Estonia is located only 50 km from Tallinn! <\/b>Rapla kardirada on 1035m pikk ja 9-11m lai. Hobikarditeenuse pakkumisel annab see konkurentsieelise v\u00f5rreldes teistega, kuna tegemist on v\u00e4ga kiire rajaga. Korraga saame rajale lubada maksimaalselt 15 hobikarti, minimaalset arvu ei ole. Meie poolt antakse vajalik turvavarustus ning selgitatakse reeglid. Endale sobiva aja saab broneerida meie broneeringus\u00fcsteemis. S\u00f5itude arvu saab valida vastavalt enda soovile. Palju adrenaliini pakub Grand Prix pakett, kus toimub kokku 3 s\u00f5itu (soojenduss\u00f5it, ajas\u00f5it ja finaals\u00f5it). 1 s\u00f5it kestab 8 minutit ja maksab 20 eurot olenemata s\u00f5itude arvust. Adrenaliinirohke elamus on garanteeritud!<\/p>\t\t\t\t\t\t<\/div>\n\t\t\t\t<\/div>\n\t\t\t\t<div class=\"elementor-element elementor-element-c274547 elementor-widget__width-auto elementor-absolute elementor-hidden-phone elementor-invisible elementor-widget elementor-widget-image\" data-id=\"c274547\" data-element_type=\"widget\" data-settings=\"{&quot;_animation&quot;:&quot;slideInRight&quot;,&quot;_position&quot;:&quot;absolute&quot;}\" data-widget_type=\"image.default\">\n\t\t\t\t<div class=\"elementor-widget-container\">\n\t\t\t\t\t\t\t\t\t\t\t\t\t<img fetchpriority=\"high\" decoding=\"async\" width=\"1024\" height=\"640\" src=\"https:\/\/www.karting.ee\/wp-content\/uploads\/2020\/08\/kart-1024x640.png\" class=\"attachment-large size-large wp-image-301\" alt=\"karting\" srcset=\"https:\/\/www.karting.ee\/wp-content\/uploads\/2020\/08\/kart-1024x640.png 1024w, https:\/\/www.karting.ee\/wp-content\/uploads\/2020\/08\/kart-600x375.png 600w, https:\/\/www.karting.ee\/wp-content\/uploads\/2020\/08\/kart-300x187.png 300w, https:\/\/www.karting.ee\/wp-content\/uploads\/2020\/08\/kart-768x480.png 768w, https:\/\/www.karting.ee\/wp-content\/uploads\/2020\/08\/kart.png 1100w\" sizes=\"(max-width: 1024px) 100vw, 1024px\" \/>\t\t\t\t\t\t\t\t\t\t\t\t\t<\/div>\n\t\t\t\t<\/div>\n\t\t\t\t\t<\/div>\n\t\t<\/div>\n\t\t\t\t\t<\/div>\n\t\t<\/section>\n\t\t\t\t<section data-particle_enable=\"false\" data-particle-mobile-disabled=\"false\" class=\"elementor-section elementor-top-section elementor-element elementor-element-3dd4cbf elementor-section-boxed elementor-section-height-default elementor-section-height-default\" data-id=\"3dd4cbf\" data-element_type=\"section\" id=\"v\u00f5istlus\" data-settings=\"{&quot;background_background&quot;:&quot;classic&quot;}\">\n\t\t\t\t\t\t<div class=\"elementor-container elementor-column-gap-default\">\n\t\t\t\t\t<div class=\"elementor-column elementor-col-100 elementor-top-column elementor-element elementor-element-ad8740a\" data-id=\"ad8740a\" data-element_type=\"column\">\n\t\t\t<div class=\"elementor-widget-wrap\">\n\t\t\t\t\t\t\t<\/div>\n\t\t<\/div>\n\t\t\t\t\t<\/div>\n\t\t<\/section>\n\t\t\t\t<section data-particle_enable=\"false\" data-particle-mobile-disabled=\"false\" class=\"elementor-section elementor-top-section elementor-element elementor-element-8080645 elementor-section-boxed elementor-section-height-default elementor-section-height-default\" data-id=\"8080645\" data-element_type=\"section\" id=\"aktiivne\" data-settings=\"{&quot;background_background&quot;:&quot;classic&quot;}\">\n\t\t\t\t\t\t<div class=\"elementor-container elementor-column-gap-default\">\n\t\t\t\t\t<div class=\"elementor-column elementor-col-100 elementor-top-column elementor-element elementor-element-f671a9e\" data-id=\"f671a9e\" data-element_type=\"column\">\n\t\t\t<div class=\"elementor-widget-wrap\">\n\t\t\t\t\t\t\t<\/div>\n\t\t<\/div>\n\t\t\t\t\t<\/div>\n\t\t<\/section>\n\t\t\t\t<\/div>","protected":false},"excerpt":{"rendered":"<p>RAPLA VABA AEG Rapla kardi- ja vabaajakeskus Raja pikkus ning v\u00e4iksem kurvide arv teevad Rapla kardirajast \u00fche kiireima raja Eestis. Asfaltkattega kardirajaga on seotud 400m pikkune kurvide, t\u00f5usude ja trampliiniga kruusal\u00f5ik, mida kasutab supermoto. Raja \u00e4\u00e4res on kolmekorruseline pealtvaatajate trib\u00fc\u00fcn. Hoonestust raja juurde ei kuulu. Kardirada kasutavad lisaks tehnikasportlastele ka tervisesportlased (nt rulluisutamiseks, jalgrattas\u00f5iduks jne). [&hellip;]<\/p>","protected":false},"author":1,"featured_media":0,"parent":440,"menu_order":0,"comment_status":"closed","ping_status":"closed","template":"","meta":{"site-sidebar-layout":"no-sidebar","site-content-layout":"page-builder","ast-site-content-layout":"full-width-container","site-content-style":"unboxed","site-sidebar-style":"unboxed","ast-global-header-display":"","ast-banner-title-visibility":"","ast-main-header-display":"","ast-hfb-above-header-display":"","ast-hfb-below-header-display":"","ast-hfb-mobile-header-display":"","site-post-title":"disabled","ast-breadcrumbs-content":"","ast-featured-img":"disabled","footer-sml-layout":"","theme-transparent-header-meta":"default","adv-header-id-meta":"","stick-header-meta":"","header-above-stick-meta":"","header-main-stick-meta":"","header-below-stick-meta":"","astra-migrate-meta-layouts":"set","ast-page-background-enabled":"default","ast-page-background-meta":{"desktop":{"background-color":"var(--ast-global-color-4)","background-image":"","background-repeat":"repeat","background-position":"center center","background-size":"auto","background-attachment":"scroll","background-type":"","background-media":"","overlay-type":"","overlay-color":"","overlay-opacity":"","overlay-gradient":""},"tablet":{"background-color":"","background-image":"","background-repeat":"repeat","background-position":"center center","background-size":"auto","background-attachment":"scroll","background-type":"","background-media":"","overlay-type":"","overlay-color":"","overlay-opacity":"","overlay-gradient":""},"mobile":{"background-color":"","background-image":"","background-repeat":"repeat","background-position":"center center","background-size":"auto","background-attachment":"scroll","background-type":"","background-media":"","overlay-type":"","overlay-color":"","overlay-opacity":"","overlay-gradient":""}},"ast-content-background-meta":{"desktop":{"background-color":"var(--ast-global-color-5)","background-image":"","background-repeat":"repeat","background-position":"center center","background-size":"auto","background-attachment":"scroll","background-type":"","background-media":"","overlay-type":"","overlay-color":"","overlay-opacity":"","overlay-gradient":""},"tablet":{"background-color":"var(--ast-global-color-5)","background-image":"","background-repeat":"repeat","background-position":"center center","background-size":"auto","background-attachment":"scroll","background-type":"","background-media":"","overlay-type":"","overlay-color":"","overlay-opacity":"","overlay-gradient":""},"mobile":{"background-color":"var(--ast-global-color-5)","background-image":"","background-repeat":"repeat","background-position":"center center","background-size":"auto","background-attachment":"scroll","background-type":"","background-media":"","overlay-type":"","overlay-color":"","overlay-opacity":"","overlay-gradient":""}},"footnotes":""},"yst_prominent_words":[],"class_list":["post-691","page","type-page","status-publish","hentry"],"_links":{"self":[{"href":"https:\/\/www.karting.ee\/en\/wp-json\/wp\/v2\/pages\/691","targetHints":{"allow":["GET"]}}],"collection":[{"href":"https:\/\/www.karting.ee\/en\/wp-json\/wp\/v2\/pages"}],"about":[{"href":"https:\/\/www.karting.ee\/en\/wp-json\/wp\/v2\/types\/page"}],"author":[{"embeddable":true,"href":"https:\/\/www.karting.ee\/en\/wp-json\/wp\/v2\/users\/1"}],"replies":[{"embeddable":true,"href":"https:\/\/www.karting.ee\/en\/wp-json\/wp\/v2\/comments?post=691"}],"version-history":[{"count":5,"href":"https:\/\/www.karting.ee\/en\/wp-json\/wp\/v2\/pages\/691\/revisions"}],"predecessor-version":[{"id":3954,"href":"https:\/\/www.karting.ee\/en\/wp-json\/wp\/v2\/pages\/691\/revisions\/3954"}],"up":[{"embeddable":true,"href":"https:\/\/www.karting.ee\/en\/wp-json\/wp\/v2\/pages\/440"}],"wp:attachment":[{"href":"https:\/\/www.karting.ee\/en\/wp-json\/wp\/v2\/media?parent=691"}],"wp:term":[{"taxonomy":"yst_prominent_words","embeddable":true,"href":"https:\/\/www.karting.ee\/en\/wp-json\/wp\/v2\/yst_prominent_words?post=691"}],"curies":[{"name":"wp","href":"https:\/\/api.w.org\/{rel}","templated":true}]}}