{"id":1097,"date":"2021-03-11T14:41:04","date_gmt":"2021-03-11T12:41:04","guid":{"rendered":"https:\/\/karting.ukrcontext.agency\/?page_id=1097"},"modified":"2024-06-12T13:50:19","modified_gmt":"2024-06-12T11:50:19","slug":"projektid","status":"publish","type":"page","link":"https:\/\/www.karting.ee\/ru\/rapla\/projektid\/","title":{"rendered":"Rapla Projektid"},"content":{"rendered":"<div data-elementor-type=\"wp-page\" data-elementor-id=\"1097\" class=\"elementor elementor-1097\">\n\t\t\t\t\t\t<section data-particle_enable=\"false\" data-particle-mobile-disabled=\"false\" class=\"elementor-section elementor-top-section elementor-element elementor-element-7d6aa39 elementor-section-boxed elementor-section-height-default elementor-section-height-default\" data-id=\"7d6aa39\" data-element_type=\"section\" data-settings=\"{&quot;background_background&quot;:&quot;classic&quot;}\">\n\t\t\t\t\t\t<div class=\"elementor-container elementor-column-gap-default\">\n\t\t\t\t\t<div class=\"elementor-column elementor-col-100 elementor-top-column elementor-element elementor-element-57abec8\" data-id=\"57abec8\" data-element_type=\"column\">\n\t\t\t<div class=\"elementor-widget-wrap elementor-element-populated\">\n\t\t\t\t\t\t<div class=\"elementor-element elementor-element-23ca437 elementor-invisible elementor-widget elementor-widget-heading\" data-id=\"23ca437\" data-element_type=\"widget\" data-settings=\"{&quot;_animation&quot;:&quot;slideInLeft&quot;}\" data-widget_type=\"heading.default\">\n\t\t\t\t<div class=\"elementor-widget-container\">\n\t\t\t<h1 class=\"elementor-heading-title elementor-size-default\"><a href=\"https:\/\/www.karting.ee\/ru\/rapla\/\">Rapla Projektid<\/a><\/h1>\t\t<\/div>\n\t\t\t\t<\/div>\n\t\t\t\t\t<\/div>\n\t\t<\/div>\n\t\t\t\t\t<\/div>\n\t\t<\/section>\n\t\t\t\t<section data-particle_enable=\"false\" data-particle-mobile-disabled=\"false\" class=\"elementor-section elementor-top-section elementor-element elementor-element-24c0dfd elementor-section-full_width elementor-section-height-default elementor-section-height-default\" data-id=\"24c0dfd\" data-element_type=\"section\" data-settings=\"{&quot;background_background&quot;:&quot;classic&quot;}\">\n\t\t\t\t\t\t<div class=\"elementor-container elementor-column-gap-default\">\n\t\t\t\t\t<div class=\"elementor-column elementor-col-100 elementor-top-column elementor-element elementor-element-e9cf423\" data-id=\"e9cf423\" data-element_type=\"column\">\n\t\t\t<div class=\"elementor-widget-wrap elementor-element-populated\">\n\t\t\t\t\t\t<div class=\"elementor-element elementor-element-b477372 elementor-nav-menu__align-center elementor-nav-menu--dropdown-none elementor-widget elementor-widget-nav-menu\" data-id=\"b477372\" data-element_type=\"widget\" data-settings=\"{&quot;layout&quot;:&quot;horizontal&quot;,&quot;submenu_icon&quot;:{&quot;value&quot;:&quot;&lt;i class=\\&quot;fas fa-caret-down\\&quot;&gt;&lt;\\\/i&gt;&quot;,&quot;library&quot;:&quot;fa-solid&quot;}}\" data-widget_type=\"nav-menu.default\">\n\t\t\t\t<div class=\"elementor-widget-container\">\n\t\t\t\t\t\t<nav migration_allowed=\"1\" migrated=\"0\" class=\"elementor-nav-menu--main elementor-nav-menu__container elementor-nav-menu--layout-horizontal e--pointer-background e--animation-fade\">\n\t\t\t\t<ul id=\"menu-1-b477372\" class=\"elementor-nav-menu\"><li class=\"menu-item menu-item-type-post_type menu-item-object-page menu-item-703\"><a href=\"https:\/\/www.karting.ee\/ru\/rapla\/\" class=\"elementor-item menu-link\">\u0411\u0440\u043e\u043d\u044c \u0435\u0437\u0434\u044b \u0438 \u043f\u043e\u043b\u043e\u0441\u044b\/\u0434\u043e\u0440\u043e\u0433\u0438<\/a><\/li>\n<li class=\"menu-item menu-item-type-post_type menu-item-object-page menu-item-705\"><a href=\"https:\/\/www.karting.ee\/ru\/rapla\/rapla-kardid\/\" class=\"elementor-item menu-link\">K\u0430\u0440\u0442\u044b<\/a><\/li>\n<li class=\"menu-item menu-item-type-post_type menu-item-object-page menu-item-774\"><a href=\"https:\/\/www.karting.ee\/ru\/rapla\/rapla-galerii\/\" class=\"elementor-item menu-link\">\u0413\u0430\u043b\u0435\u0440\u0435\u044f<\/a><\/li>\n<li class=\"menu-item menu-item-type-post_type menu-item-object-page menu-item-706\"><a href=\"https:\/\/www.karting.ee\/ru\/rapla\/rapla-vaba-aeg\/\" class=\"elementor-item menu-link\">\u0421\u0432\u043e\u0431\u043e\u0434\u043d\u043e\u0435 \u0432\u0440\u0435\u043c\u044f<\/a><\/li>\n<li class=\"menu-item menu-item-type-post_type menu-item-object-page menu-item-700\"><a href=\"https:\/\/www.karting.ee\/ru\/rapla\/rapla-ajalugu\/\" class=\"elementor-item menu-link\">\u0418\u0441\u0442\u043e\u0440\u0438\u044f<\/a><\/li>\n<li class=\"menu-item menu-item-type-post_type menu-item-object-page menu-item-702\"><a href=\"https:\/\/www.karting.ee\/ru\/rapla\/rapla-rajarekordid\/\" class=\"elementor-item menu-link\">\u0420\u0435\u043a\u043e\u0440\u0434\u044b \u0442\u0440\u0430\u0441\u0441\u044b<\/a><\/li>\n<li class=\"menu-item menu-item-type-post_type menu-item-object-page menu-item-1100\"><a href=\"https:\/\/www.karting.ee\/ru\/rapla\/projektid\/\" class=\"elementor-item menu-link\">Projektid<\/a><\/li>\n<\/ul>\t\t\t<\/nav>\n\t\t\t\t\t<div class=\"elementor-menu-toggle\" role=\"button\" tabindex=\"0\" aria-label=\"\u041f\u0435\u0440\u0435\u043a\u043b\u044e\u0447\u0430\u0442\u0435\u043b\u044c \u043c\u0435\u043d\u044e\" aria-expanded=\"false\">\n\t\t\t<i aria-hidden=\"true\" role=\"presentation\" class=\"elementor-menu-toggle__icon--open eicon-menu-bar\"><\/i><i aria-hidden=\"true\" role=\"presentation\" class=\"elementor-menu-toggle__icon--close eicon-close\"><\/i>\t\t\t<span class=\"elementor-screen-only\">\u041c\u0435\u043d\u044e<\/span>\n\t\t<\/div>\n\t\t\t<nav class=\"elementor-nav-menu--dropdown elementor-nav-menu__container\" aria-hidden=\"true\">\n\t\t\t\t<ul id=\"menu-2-b477372\" class=\"elementor-nav-menu\"><li class=\"menu-item menu-item-type-post_type menu-item-object-page menu-item-703\"><a href=\"https:\/\/www.karting.ee\/ru\/rapla\/\" class=\"elementor-item menu-link\" tabindex=\"-1\">\u0411\u0440\u043e\u043d\u044c \u0435\u0437\u0434\u044b \u0438 \u043f\u043e\u043b\u043e\u0441\u044b\/\u0434\u043e\u0440\u043e\u0433\u0438<\/a><\/li>\n<li class=\"menu-item menu-item-type-post_type menu-item-object-page menu-item-705\"><a href=\"https:\/\/www.karting.ee\/ru\/rapla\/rapla-kardid\/\" class=\"elementor-item menu-link\" tabindex=\"-1\">K\u0430\u0440\u0442\u044b<\/a><\/li>\n<li class=\"menu-item menu-item-type-post_type menu-item-object-page menu-item-774\"><a href=\"https:\/\/www.karting.ee\/ru\/rapla\/rapla-galerii\/\" class=\"elementor-item menu-link\" tabindex=\"-1\">\u0413\u0430\u043b\u0435\u0440\u0435\u044f<\/a><\/li>\n<li class=\"menu-item menu-item-type-post_type menu-item-object-page menu-item-706\"><a href=\"https:\/\/www.karting.ee\/ru\/rapla\/rapla-vaba-aeg\/\" class=\"elementor-item menu-link\" tabindex=\"-1\">\u0421\u0432\u043e\u0431\u043e\u0434\u043d\u043e\u0435 \u0432\u0440\u0435\u043c\u044f<\/a><\/li>\n<li class=\"menu-item menu-item-type-post_type menu-item-object-page menu-item-700\"><a href=\"https:\/\/www.karting.ee\/ru\/rapla\/rapla-ajalugu\/\" class=\"elementor-item menu-link\" tabindex=\"-1\">\u0418\u0441\u0442\u043e\u0440\u0438\u044f<\/a><\/li>\n<li class=\"menu-item menu-item-type-post_type menu-item-object-page menu-item-702\"><a href=\"https:\/\/www.karting.ee\/ru\/rapla\/rapla-rajarekordid\/\" class=\"elementor-item menu-link\" tabindex=\"-1\">\u0420\u0435\u043a\u043e\u0440\u0434\u044b \u0442\u0440\u0430\u0441\u0441\u044b<\/a><\/li>\n<li class=\"menu-item menu-item-type-post_type menu-item-object-page menu-item-1100\"><a href=\"https:\/\/www.karting.ee\/ru\/rapla\/projektid\/\" class=\"elementor-item menu-link\" tabindex=\"-1\">Projektid<\/a><\/li>\n<\/ul>\t\t\t<\/nav>\n\t\t\t\t<\/div>\n\t\t\t\t<\/div>\n\t\t\t\t\t<\/div>\n\t\t<\/div>\n\t\t\t\t\t<\/div>\n\t\t<\/section>\n\t\t\t\t<section data-particle_enable=\"false\" data-particle-mobile-disabled=\"false\" class=\"elementor-section elementor-top-section elementor-element elementor-element-fe3cf2c elementor-section-height-min-height elementor-section-boxed elementor-section-height-default elementor-section-items-middle\" data-id=\"fe3cf2c\" data-element_type=\"section\" data-settings=\"{&quot;shape_divider_top&quot;:&quot;triangle&quot;}\">\n\t\t\t\t\t\t\t<div class=\"elementor-background-overlay\"><\/div>\n\t\t\t\t\t\t<div class=\"elementor-shape elementor-shape-top\" data-negative=\"false\">\n\t\t\t<svg xmlns=\"http:\/\/www.w3.org\/2000\/svg\" viewbox=\"0 0 1000 100\" preserveaspectratio=\"none\">\n\t<path class=\"elementor-shape-fill\" d=\"M500,98.9L0,6.1V0h1000v6.1L500,98.9z\"\/>\n<\/svg>\t\t<\/div>\n\t\t\t\t\t<div class=\"elementor-container elementor-column-gap-default\">\n\t\t\t\t\t<div class=\"elementor-column elementor-col-100 elementor-top-column elementor-element elementor-element-eb6874b elementor-invisible\" data-id=\"eb6874b\" data-element_type=\"column\" data-settings=\"{&quot;animation&quot;:&quot;fadeIn&quot;}\">\n\t\t\t<div class=\"elementor-widget-wrap elementor-element-populated\">\n\t\t\t\t\t\t<div class=\"elementor-element elementor-element-d15d2a2 elementor-widget elementor-widget-text-editor\" data-id=\"d15d2a2\" data-element_type=\"widget\" data-widget_type=\"text-editor.default\">\n\t\t\t\t<div class=\"elementor-widget-container\">\n\t\t\t\t\t\t\t<p>5. augustil saabusid Rapla kardirajale uued hobikardid SODIKART tehasest Prantsusmaalt. Alates 7. augustist on v\u00f5imalus s\u00f5ita uhiuute hobikartidega ka Rapla v\u00f5istluskardirajal.&nbsp; Alustame Rapla kardirajal t\u00e4iesti uue teenusena hobikardi teenuse pakkumist. Soetatud on kokku 15 hobikarti. Investeeringu summa k\u00e4ibemaksuta on 88 950 eurot, millest saime LEADER programmi MT\u00dc Raplamaa Partnerluskogu meede 2 \u201cEttev\u00f5tluse konkurentsiv\u00f5ime tugevdamine\u201d raames 2019.a. esitatud projektile \u201cHobikartide teenuse k\u00e4ivitamine Rapla v\u00f5istluskardirajal\u201d projektitoetuse 53 370 eurot.<\/p>\n<p><br><\/p>\n<div>LEADER programmi MT\u00dc Raplamaa Partnerluskogu meede 2 &#8220;Ettev\u00f5tluse konkurentsiv\u00f5ime tugevdamine&#8221; raames on Kardikeskus O\u00dc saanud toetust 18.02.2021 PRIA otsusega nr 13-21.2\/21\/660 kahekohalise hobikardi, kahe muruniiduki ning rajahooldusmasina soetamiseks. Projekti maksumumus&nbsp;kokku k\u00e4ibemaksuta&nbsp;on 39 485 eurot, millest toetuse summa on 23 691 eurot.<\/div><div class=\"adL\"><br style=\"color: rgb(34, 34, 34); font-family: Arial, Helvetica, sans-serif; font-size: small; background-color: rgb(255, 255, 255);\"><\/div><div class=\"yj6qo\"><\/div>\n<p><img fetchpriority=\"high\" decoding=\"async\" class=\"size-medium wp-image-870 alignnone lazyloaded\" src=\"https:\/\/www.karting.ee\/wp-content\/uploads\/2020\/09\/foto4-219x300.jpg\" sizes=\"(max-width: 219px) 100vw, 219px\" srcset=\"https:\/\/www.karting.ee\/wp-content\/uploads\/2020\/09\/foto4-219x300.jpg 219w, https:\/\/www.karting.ee\/wp-content\/uploads\/2020\/09\/foto4.jpg 640w\" alt=\"\" width=\"219\" height=\"300\" data-srcset=\"https:\/\/www.karting.ee\/wp-content\/uploads\/2020\/09\/foto4-219x300.jpg 219w, https:\/\/www.karting.ee\/wp-content\/uploads\/2020\/09\/foto4.jpg 640w\" data-src=\"https:\/\/www.karting.ee\/wp-content\/uploads\/2020\/09\/foto4-219x300.jpg\" data-sizes=\"(max-width: 219px) 100vw, 219px\"><img decoding=\"async\" class=\"size-medium wp-image-871 alignleft lazyloaded\" src=\"https:\/\/www.karting.ee\/wp-content\/uploads\/2020\/09\/foto2-219x300.jpg\" sizes=\"(max-width: 219px) 100vw, 219px\" srcset=\"https:\/\/www.karting.ee\/wp-content\/uploads\/2020\/09\/foto2-219x300.jpg 219w, https:\/\/www.karting.ee\/wp-content\/uploads\/2020\/09\/foto2.jpg 640w\" alt=\"\" width=\"219\" height=\"300\" data-srcset=\"https:\/\/www.karting.ee\/wp-content\/uploads\/2020\/09\/foto2-219x300.jpg 219w, https:\/\/www.karting.ee\/wp-content\/uploads\/2020\/09\/foto2.jpg 640w\" data-src=\"https:\/\/www.karting.ee\/wp-content\/uploads\/2020\/09\/foto2-219x300.jpg\" data-sizes=\"(max-width: 219px) 100vw, 219px\"><\/p>\n<p><img decoding=\"async\" class=\"alignnone wp-image-1004 lazyloaded\" src=\"https:\/\/www.karting.ee\/wp-content\/uploads\/2020\/08\/Leader-Neliklogo-jpg-300x58.jpg\" sizes=\"(max-width: 533px) 100vw, 533px\" srcset=\"https:\/\/www.karting.ee\/wp-content\/uploads\/2020\/08\/Leader-Neliklogo-jpg-300x58.jpg 300w, https:\/\/www.karting.ee\/wp-content\/uploads\/2020\/08\/Leader-Neliklogo-jpg-768x149.jpg 768w, https:\/\/www.karting.ee\/wp-content\/uploads\/2020\/08\/Leader-Neliklogo-jpg.jpg 915w\" alt=\"\" width=\"533\" height=\"103\" data-srcset=\"https:\/\/www.karting.ee\/wp-content\/uploads\/2020\/08\/Leader-Neliklogo-jpg-300x58.jpg 300w, https:\/\/www.karting.ee\/wp-content\/uploads\/2020\/08\/Leader-Neliklogo-jpg-768x149.jpg 768w, https:\/\/www.karting.ee\/wp-content\/uploads\/2020\/08\/Leader-Neliklogo-jpg.jpg 915w\" data-src=\"https:\/\/www.karting.ee\/wp-content\/uploads\/2020\/08\/Leader-Neliklogo-jpg-300x58.jpg\" data-sizes=\"(max-width: 533px) 100vw, 533px\"><\/p>\t\t\t\t\t\t<\/div>\n\t\t\t\t<\/div>\n\t\t\t\t\t<\/div>\n\t\t<\/div>\n\t\t\t\t\t<\/div>\n\t\t<\/section>\n\t\t\t\t<\/div>","protected":false},"excerpt":{"rendered":"<p>5. augustil saabusid Rapla kardirajale uued hobikardid SODIKART tehasest Prantsusmaalt. Alates 7. augustist on v\u00f5imalus s\u00f5ita uhiuute hobikartidega ka Rapla v\u00f5istluskardirajal.\u00a0 Alustame Rapla kardirajal t\u00e4iesti uue teenusena hobikardi teenuse pakkumist. Soetatud on kokku 15 hobikarti. Investeeringu summa k\u00e4ibemaksuta on 88 950 eurot, millest saime LEADER programmi MT\u00dc Raplamaa Partnerluskogu meede 2 \u201cEttev\u00f5tluse konkurentsiv\u00f5ime tugevdamine\u201d raames [&hellip;]<\/p>","protected":false},"author":1,"featured_media":0,"parent":440,"menu_order":0,"comment_status":"closed","ping_status":"closed","template":"","meta":{"site-sidebar-layout":"no-sidebar","site-content-layout":"page-builder","ast-site-content-layout":"full-width-container","site-content-style":"unboxed","site-sidebar-style":"unboxed","ast-global-header-display":"","ast-banner-title-visibility":"","ast-main-header-display":"","ast-hfb-above-header-display":"","ast-hfb-below-header-display":"","ast-hfb-mobile-header-display":"","site-post-title":"disabled","ast-breadcrumbs-content":"","ast-featured-img":"disabled","footer-sml-layout":"","theme-transparent-header-meta":"default","adv-header-id-meta":"","stick-header-meta":"","header-above-stick-meta":"","header-main-stick-meta":"","header-below-stick-meta":"","astra-migrate-meta-layouts":"set","ast-page-background-enabled":"default","ast-page-background-meta":{"desktop":{"background-color":"var(--ast-global-color-4)","background-image":"","background-repeat":"repeat","background-position":"center center","background-size":"auto","background-attachment":"scroll","background-type":"","background-media":"","overlay-type":"","overlay-color":"","overlay-opacity":"","overlay-gradient":""},"tablet":{"background-color":"","background-image":"","background-repeat":"repeat","background-position":"center center","background-size":"auto","background-attachment":"scroll","background-type":"","background-media":"","overlay-type":"","overlay-color":"","overlay-opacity":"","overlay-gradient":""},"mobile":{"background-color":"","background-image":"","background-repeat":"repeat","background-position":"center center","background-size":"auto","background-attachment":"scroll","background-type":"","background-media":"","overlay-type":"","overlay-color":"","overlay-opacity":"","overlay-gradient":""}},"ast-content-background-meta":{"desktop":{"background-color":"var(--ast-global-color-5)","background-image":"","background-repeat":"repeat","background-position":"center center","background-size":"auto","background-attachment":"scroll","background-type":"","background-media":"","overlay-type":"","overlay-color":"","overlay-opacity":"","overlay-gradient":""},"tablet":{"background-color":"var(--ast-global-color-5)","background-image":"","background-repeat":"repeat","background-position":"center center","background-size":"auto","background-attachment":"scroll","background-type":"","background-media":"","overlay-type":"","overlay-color":"","overlay-opacity":"","overlay-gradient":""},"mobile":{"background-color":"var(--ast-global-color-5)","background-image":"","background-repeat":"repeat","background-position":"center center","background-size":"auto","background-attachment":"scroll","background-type":"","background-media":"","overlay-type":"","overlay-color":"","overlay-opacity":"","overlay-gradient":""}},"footnotes":""},"yst_prominent_words":[],"class_list":["post-1097","page","type-page","status-publish","hentry"],"_links":{"self":[{"href":"https:\/\/www.karting.ee\/ru\/wp-json\/wp\/v2\/pages\/1097","targetHints":{"allow":["GET"]}}],"collection":[{"href":"https:\/\/www.karting.ee\/ru\/wp-json\/wp\/v2\/pages"}],"about":[{"href":"https:\/\/www.karting.ee\/ru\/wp-json\/wp\/v2\/types\/page"}],"author":[{"embeddable":true,"href":"https:\/\/www.karting.ee\/ru\/wp-json\/wp\/v2\/users\/1"}],"replies":[{"embeddable":true,"href":"https:\/\/www.karting.ee\/ru\/wp-json\/wp\/v2\/comments?post=1097"}],"version-history":[{"count":5,"href":"https:\/\/www.karting.ee\/ru\/wp-json\/wp\/v2\/pages\/1097\/revisions"}],"predecessor-version":[{"id":1717,"href":"https:\/\/www.karting.ee\/ru\/wp-json\/wp\/v2\/pages\/1097\/revisions\/1717"}],"up":[{"embeddable":true,"href":"https:\/\/www.karting.ee\/ru\/wp-json\/wp\/v2\/pages\/440"}],"wp:attachment":[{"href":"https:\/\/www.karting.ee\/ru\/wp-json\/wp\/v2\/media?parent=1097"}],"wp:term":[{"taxonomy":"yst_prominent_words","embeddable":true,"href":"https:\/\/www.karting.ee\/ru\/wp-json\/wp\/v2\/yst_prominent_words?post=1097"}],"curies":[{"name":"wp","href":"https:\/\/api.w.org\/{rel}","templated":true}]}}