{"id":751,"date":"2020-09-03T13:06:55","date_gmt":"2020-09-03T10:06:55","guid":{"rendered":"https:\/\/karting.ukrcontext.agency\/?page_id=751"},"modified":"2025-04-14T18:33:27","modified_gmt":"2025-04-14T16:33:27","slug":"kinkekaardid","status":"publish","type":"page","link":"https:\/\/www.karting.ee\/ru\/kinkekaardid\/","title":{"rendered":"Kinkekaardid"},"content":{"rendered":"<div data-elementor-type=\"wp-page\" data-elementor-id=\"751\" class=\"elementor elementor-751\">\n\t\t\t\t\t\t<section data-particle_enable=\"false\" data-particle-mobile-disabled=\"false\" class=\"elementor-section elementor-top-section elementor-element elementor-element-35cb1f8 elementor-section-boxed elementor-section-height-default elementor-section-height-default\" data-id=\"35cb1f8\" data-element_type=\"section\">\n\t\t\t\t\t\t\t<div class=\"elementor-background-overlay\"><\/div>\n\t\t\t\t\t\t\t<div class=\"elementor-container elementor-column-gap-default\">\n\t\t\t\t\t<div class=\"elementor-column elementor-col-100 elementor-top-column elementor-element elementor-element-03a5471\" data-id=\"03a5471\" data-element_type=\"column\">\n\t\t\t<div class=\"elementor-widget-wrap elementor-element-populated\">\n\t\t\t\t\t\t<div class=\"elementor-element elementor-element-ff42214 elementor-invisible elementor-widget elementor-widget-heading\" data-id=\"ff42214\" data-element_type=\"widget\" data-settings=\"{&quot;_animation&quot;:&quot;slideInLeft&quot;}\" data-widget_type=\"heading.default\">\n\t\t\t\t<div class=\"elementor-widget-container\">\n\t\t\t<h1 class=\"elementor-heading-title elementor-size-default\">\u041f\u043e\u0434\u0430\u0440\u043e\u0447\u043d\u044b\u0435 \u043a\u0430\u0440\u0442\u044b<\/h1>\t\t<\/div>\n\t\t\t\t<\/div>\n\t\t\t\t<div class=\"elementor-element elementor-element-6ed004d animated-fast elementor-invisible elementor-widget elementor-widget-text-editor\" data-id=\"6ed004d\" data-element_type=\"widget\" data-settings=\"{&quot;_animation&quot;:&quot;slideInLeft&quot;,&quot;_animation_delay&quot;:50}\" data-widget_type=\"text-editor.default\">\n\t\t\t\t<div class=\"elementor-widget-container\">\n\t\t\t\t\t\t\t<p>Kinkekaart on v\u00f5imalik soetada summas 20 eurot, 40 eurot v\u00f5i 60 eurot. Kinkekaardiga saab kasutada k\u00f5iki meie poolt pakutavaid teenuseid. <\/p><p>\u0417\u0430\u043c\u0435\u0447\u0430\u0442\u0435\u043b\u044c\u043d\u044b\u0439 \u043f\u043e\u0434\u0430\u0440\u043e\u043a \u0447\u043b\u0435\u043d\u0430\u043c \u0441\u0435\u043c\u044c\u0438, \u0434\u0440\u0443\u0437\u044c\u044f\u043c \u0438\u043b\u0438 \u0441\u043e\u0442\u0440\u0443\u0434\u043d\u0438\u043a\u0430\u043c!<\/p>\t\t\t\t\t\t<\/div>\n\t\t\t\t<\/div>\n\t\t<div class=\"elementor-element elementor-element-d0817c0 e-grid pa-display-conditions-yes e-con-boxed e-con e-parent\" data-id=\"d0817c0\" data-element_type=\"container\" data-settings=\"{&quot;pa_display_conditions_switcher&quot;:&quot;yes&quot;}\">\n\t\t\t\t\t<div class=\"e-con-inner\">\n\t\t\t\t<div class=\"elementor-element elementor-element-b3730d4 animated-fast pp-single-product-align-center pp-badge-position-align-top-left pp-variation-table-width-full pp-single-product-buttons-auto elementor-invisible elementor-widget elementor-widget-pp-woo-single-product\" data-id=\"b3730d4\" data-element_type=\"widget\" data-settings=\"{&quot;_animation&quot;:&quot;slideInLeft&quot;}\" data-widget_type=\"pp-woo-single-product.skin-4\">\n\t\t\t\t<div class=\"elementor-widget-container\">\n\t\t\t<div class=\"woocommerce pp-woocommerce pp-single-product pp-single-product-skin-4\"><div class=\"summary entry-summary clearfix\">\n<div class=\"single-product-image\">\n\t\t\t<img decoding=\"async\" width=\"300\" height=\"142\" src=\"https:\/\/www.karting.ee\/wp-content\/uploads\/2025\/03\/20karting-300x142.jpg\" class=\"pp-product-featured-image\" alt=\"\" data-no-lazy=\"1\" srcset=\"https:\/\/www.karting.ee\/wp-content\/uploads\/2025\/03\/20karting-300x142.jpg 300w, https:\/\/www.karting.ee\/wp-content\/uploads\/2025\/03\/20karting-768x363.jpg 768w, https:\/\/www.karting.ee\/wp-content\/uploads\/2025\/03\/20karting-18x9.jpg 18w, https:\/\/www.karting.ee\/wp-content\/uploads\/2025\/03\/20karting-600x284.jpg 600w, https:\/\/www.karting.ee\/wp-content\/uploads\/2025\/03\/20karting.jpg 875w\" sizes=\"(max-width: 300px) 100vw, 300px\" \/>\t\t<\/div>\n\n\n<div class=\"product-content\">\n\n    \n<p class=\"price\"><span class=\"woocommerce-Price-amount amount\"><bdi>20&nbsp;<span class=\"woocommerce-Price-currencySymbol\">&euro;<\/span><\/bdi><\/span><\/p>\n\n\n<div class=\"woocommerce-product-details__short-description\">\n\t<\/div>\n\n\n<div class=\"pp-product-action woocommerce-product-add-to-cart\">\n\t\n\t\n\t<form class=\"cart\" action=\"https:\/\/www.karting.ee\/ru\/product\/kinkekaart-20e\/\" method=\"post\" enctype='multipart\/form-data' data-trp-original-action=\"https:\/\/www.karting.ee\/ru\/product\/kinkekaart-20e\/\">\n\t\t<input type=\"hidden\" id=\"wps_wgm_single_nonce_field\" name=\"wps_wgm_single_nonce_field\" value=\"3d68f81378\" \/><input type=\"hidden\" name=\"_wp_http_referer\" value=\"\/ru\/wp-json\/wp\/v2\/pages\/751\" \/><div class=\"wps_wgm_added_wrapper wps-gc_lay-2\"><input type=\"hidden\" class=\"wps_wgm_price\" id=\"wps_wgm_price\" name=\"wps_wgm_price\" value=\"20\"><div class='wps_wgm_new_layout_for_from_select'><p class=\"wps_wgm_section wps_from\">\n\t\t\t\t\t\t\t\t\t<label class=\"wps_wgc_label\">\u041e\u0442<\/label>\t\n\t\t\t\t\t\t\t\t\t<input type=\"text\" name=\"wps_wgm_from_name\" id=\"wps_wgm_from_name\" class=\"wps_wgm_from_name\" placeholder=\"\u0412\u0432\u0435\u0434\u0438\u0442\u0435 \u0438\u043c\u044f \u043e\u0442\u043f\u0440\u0430\u0432\u0438\u0442\u0435\u043b\u044f\">\n\t\t\t\t\t\t\t\t\t<\/p><\/div><p class=\"wps_wgm_section wps_message\">\n\t\t\t\t\t\t\t<label class=\"wps_wgc_label\">\u041f\u043e\u0434\u0430\u0440\u043e\u0447\u043d\u043e\u0435 \u0441\u043e\u043e\u0431\u0449\u0435\u043d\u0438\u0435 <\/label>\t\n\t\t\t\t\t\t\t<textarea name=\"wps_wgm_message\" id=\"wps_wgm_message\" class=\"wps_wgm_message\"><\/textarea><span class=\"wps_wgm_message_length\">\u0421\u0438\u043c\u0432\u043e\u043b\u044b: (<span class=\"wps_box_char\">0<\/span>\/300)<\/span>\t\t\t\t\t\t\t\n\t\t\t\t\t\t\t<\/p><div class=\"wps_wgm_section wps_delivery_method\"><label class=\"wps_wgc_label\">\u0421\u043f\u043e\u0441\u043e\u0431 \u0434\u043e\u0441\u0442\u0430\u0432\u043a\u0438<\/label><div class=\"wps_wgm_delivery_method\">\n\t\t\t\t\t\t\t\t\t\t\t<input type=\"radio\" name=\"wps_wgm_send_giftcard\" value=\"Mail to recipient\" class=\"wps_wgm_send_giftcard\" checked=\"checked\" id=\"wps_wgm_to_email_send\">\n\t\t\t\t\t\t\t\t\t\t\t<span class=\"wps_wgm_method\">\u041e\u0442\u043f\u0440\u0430\u0432\u0438\u0442\u044c \u043f\u043e\u043b\u0443\u0447\u0430\u0442\u0435\u043b\u044e<\/span>\n\t\t\t\t\t\t\t\t\t\t\t<div class=\"wps_wgm_delivery_via_email\">\n\t\t\t\t\t\t\t\t\t\t\t\t<input type=\"text\" name=\"wps_wgm_to_email\" id=\"wps_wgm_to_email\" class=\"wps_wgm_to_email\" placeholder=\"\u0412\u0432\u0435\u0434\u0438\u0442\u0435 email \u043f\u043e\u043b\u0443\u0447\u0430\u0442\u0435\u043b\u044f\">\n\t\t\t\t\t\t\t\t\t\t\t\t\n\t\t\t\t\t\t\t\t\t\t\t\t<input type=\"text\" name=\"wps_wgm_to_name_optional\" id=\"wps_wgm_to_name_optional\" class=\"wps_wgm_to_email\" placeholder=\"\u0412\u0432\u0435\u0434\u0438\u0442\u0435 \u0438\u043c\u044f \u043f\u043e\u043b\u0443\u0447\u0430\u0442\u0435\u043b\u044f\">\n\t\t\t\t\t\t\t\t\t\t\t\t<span class=\"wps_wgm_msg_info\">\u041c\u044b \u043e\u0442\u043f\u0440\u0430\u0432\u0438\u043c \u0435\u0433\u043e \u043d\u0430 \u0430\u0434\u0440\u0435\u0441 \u044d\u043b\u0435\u043a\u0442\u0440\u043e\u043d\u043d\u043e\u0439 \u043f\u043e\u0447\u0442\u044b \u043f\u043e\u043b\u0443\u0447\u0430\u0442\u0435\u043b\u044f<\/span>\n\t\t\t\t\t\t\t\t\t\t\t\t<span class=\"wps_wgm_msg_info_multiple_name\"><\/span>\n\t\t\t\t\t\t\t\t\t\t\t<\/div>\n\t\t\t\t\t\t\t\t\t\t<\/div><\/div><input name=\"add-to-cart\" value=\"4090\" type=\"hidden\" class=\"wps_wgm_hidden_pro_id\"><input name=\"wps_wgm_selected_temp\" id=\"wps_wgm_selected_temp\" value=\"4076\" type=\"hidden\"><\/div>\n\t\t<div class=\"quantity\">\n\t\t<label class=\"screen-reader-text\" for=\"quantity_69e07f5acdd7f\" data-no-translation=\"\" data-trp-gettext=\"\">\u041a\u043e\u043b\u0438\u0447\u0435\u0441\u0442\u0432\u043e \u0442\u043e\u0432\u0430\u0440\u0430 Kinkekaart 20\u20ac<\/label>\n\t<input\n\t\ttype=\"number\"\n\t\t\t\tid=\"quantity_69e07f5acdd7f\"\n\t\tclass=\"input-text qty text\"\n\t\tname=\"quantity\"\n\t\tvalue=\"1\"\n\t\taria-label=\"\u041a\u043e\u043b\u0438\u0447\u0435\u0441\u0442\u0432\u043e \u0442\u043e\u0432\u0430\u0440\u0430\"\n\t\t\t\tmin=\"1\"\n\t\tmax=\"\"\n\t\t\t\t\tstep=\"1\"\n\t\t\tplaceholder=\"\"\n\t\t\tinputmode=\"numeric\"\n\t\t\tautocomplete=\"off\" data-no-translation-aria-label=\"\"\n\t\t\t\/>\n\t<\/div>\n\n\t\t<button type=\"submit\" name=\"add-to-cart\" value=\"4090\" class=\"single_add_to_cart_button button alt\" data-no-translation=\"\" data-trp-gettext=\"\">\u0412 \u043a\u043e\u0440\u0437\u0438\u043d\u0443<\/button>\n\n\t\t\t<input type=\"hidden\" name=\"trp-form-language\" value=\"ru\"\/><\/form>\n\n\t\n<\/div>\n\n\n<\/div>  <!-- product-content -->\n\n<\/div><\/div>\t\t<\/div>\n\t\t\t\t<\/div>\n\t\t\t\t<div class=\"elementor-element elementor-element-e655c92 animated-fast pp-single-product-align-center pp-variation-table-width-full pp-single-product-buttons-auto elementor-invisible elementor-widget elementor-widget-pp-woo-single-product\" data-id=\"e655c92\" data-element_type=\"widget\" data-settings=\"{&quot;_animation&quot;:&quot;fadeIn&quot;}\" data-widget_type=\"pp-woo-single-product.skin-4\">\n\t\t\t\t<div class=\"elementor-widget-container\">\n\t\t\t<div class=\"woocommerce pp-woocommerce pp-single-product pp-single-product-skin-4\"><div class=\"summary entry-summary clearfix\">\n<div class=\"single-product-image\">\n\t\t\t<img decoding=\"async\" width=\"300\" height=\"142\" src=\"https:\/\/www.karting.ee\/wp-content\/uploads\/2025\/03\/40karting-300x142.jpg\" class=\"pp-product-featured-image\" alt=\"\" data-no-lazy=\"1\" srcset=\"https:\/\/www.karting.ee\/wp-content\/uploads\/2025\/03\/40karting-300x142.jpg 300w, https:\/\/www.karting.ee\/wp-content\/uploads\/2025\/03\/40karting-768x363.jpg 768w, https:\/\/www.karting.ee\/wp-content\/uploads\/2025\/03\/40karting-18x9.jpg 18w, https:\/\/www.karting.ee\/wp-content\/uploads\/2025\/03\/40karting-600x284.jpg 600w, https:\/\/www.karting.ee\/wp-content\/uploads\/2025\/03\/40karting.jpg 875w\" sizes=\"(max-width: 300px) 100vw, 300px\" \/>\t\t<\/div>\n\n\n<div class=\"product-content\">\n\n    \n<p class=\"price\"><span class=\"woocommerce-Price-amount amount\"><bdi>40&nbsp;<span class=\"woocommerce-Price-currencySymbol\">&euro;<\/span><\/bdi><\/span><\/p>\n\n\n<div class=\"pp-product-action woocommerce-product-add-to-cart\">\n\t\n\t\n\t<form class=\"cart\" action=\"https:\/\/www.karting.ee\/ru\/product\/kinkekaart-40e\/\" method=\"post\" enctype='multipart\/form-data' data-trp-original-action=\"https:\/\/www.karting.ee\/ru\/product\/kinkekaart-40e\/\">\n\t\t<input type=\"hidden\" id=\"wps_wgm_single_nonce_field\" name=\"wps_wgm_single_nonce_field\" value=\"3d68f81378\" \/><input type=\"hidden\" name=\"_wp_http_referer\" value=\"\/ru\/wp-json\/wp\/v2\/pages\/751\" \/><div class=\"wps_wgm_added_wrapper wps-gc_lay-2\"><input type=\"hidden\" class=\"wps_wgm_price\" id=\"wps_wgm_price\" name=\"wps_wgm_price\" value=\"40\"><div class='wps_wgm_new_layout_for_from_select'><p class=\"wps_wgm_section wps_from\">\n\t\t\t\t\t\t\t\t\t<label class=\"wps_wgc_label\">\u041e\u0442<\/label>\t\n\t\t\t\t\t\t\t\t\t<input type=\"text\" name=\"wps_wgm_from_name\" id=\"wps_wgm_from_name\" class=\"wps_wgm_from_name\" placeholder=\"\u0412\u0432\u0435\u0434\u0438\u0442\u0435 \u0438\u043c\u044f \u043e\u0442\u043f\u0440\u0430\u0432\u0438\u0442\u0435\u043b\u044f\">\n\t\t\t\t\t\t\t\t\t<\/p><\/div><p class=\"wps_wgm_section wps_message\">\n\t\t\t\t\t\t\t<label class=\"wps_wgc_label\">\u041f\u043e\u0434\u0430\u0440\u043e\u0447\u043d\u043e\u0435 \u0441\u043e\u043e\u0431\u0449\u0435\u043d\u0438\u0435 <\/label>\t\n\t\t\t\t\t\t\t<textarea name=\"wps_wgm_message\" id=\"wps_wgm_message\" class=\"wps_wgm_message\"><\/textarea><span class=\"wps_wgm_message_length\">\u0421\u0438\u043c\u0432\u043e\u043b\u044b: (<span class=\"wps_box_char\">0<\/span>\/300)<\/span>\t\t\t\t\t\t\t\n\t\t\t\t\t\t\t<\/p><div class=\"wps_wgm_section wps_delivery_method\"><label class=\"wps_wgc_label\">\u0421\u043f\u043e\u0441\u043e\u0431 \u0434\u043e\u0441\u0442\u0430\u0432\u043a\u0438<\/label><div class=\"wps_wgm_delivery_method\">\n\t\t\t\t\t\t\t\t\t\t\t<input type=\"radio\" name=\"wps_wgm_send_giftcard\" value=\"Mail to recipient\" class=\"wps_wgm_send_giftcard\" checked=\"checked\" id=\"wps_wgm_to_email_send\">\n\t\t\t\t\t\t\t\t\t\t\t<span class=\"wps_wgm_method\">\u041e\u0442\u043f\u0440\u0430\u0432\u0438\u0442\u044c \u043f\u043e\u043b\u0443\u0447\u0430\u0442\u0435\u043b\u044e<\/span>\n\t\t\t\t\t\t\t\t\t\t\t<div class=\"wps_wgm_delivery_via_email\">\n\t\t\t\t\t\t\t\t\t\t\t\t<input type=\"text\" name=\"wps_wgm_to_email\" id=\"wps_wgm_to_email\" class=\"wps_wgm_to_email\" placeholder=\"\u0412\u0432\u0435\u0434\u0438\u0442\u0435 email \u043f\u043e\u043b\u0443\u0447\u0430\u0442\u0435\u043b\u044f\">\n\t\t\t\t\t\t\t\t\t\t\t\t\n\t\t\t\t\t\t\t\t\t\t\t\t<input type=\"text\" name=\"wps_wgm_to_name_optional\" id=\"wps_wgm_to_name_optional\" class=\"wps_wgm_to_email\" placeholder=\"\u0412\u0432\u0435\u0434\u0438\u0442\u0435 \u0438\u043c\u044f \u043f\u043e\u043b\u0443\u0447\u0430\u0442\u0435\u043b\u044f\">\n\t\t\t\t\t\t\t\t\t\t\t\t<span class=\"wps_wgm_msg_info\">\u041c\u044b \u043e\u0442\u043f\u0440\u0430\u0432\u0438\u043c \u0435\u0433\u043e \u043d\u0430 \u0430\u0434\u0440\u0435\u0441 \u044d\u043b\u0435\u043a\u0442\u0440\u043e\u043d\u043d\u043e\u0439 \u043f\u043e\u0447\u0442\u044b \u043f\u043e\u043b\u0443\u0447\u0430\u0442\u0435\u043b\u044f<\/span>\n\t\t\t\t\t\t\t\t\t\t\t\t<span class=\"wps_wgm_msg_info_multiple_name\"><\/span>\n\t\t\t\t\t\t\t\t\t\t\t<\/div>\n\t\t\t\t\t\t\t\t\t\t<\/div><\/div><input name=\"add-to-cart\" value=\"4246\" type=\"hidden\" class=\"wps_wgm_hidden_pro_id\"><input name=\"wps_wgm_selected_temp\" id=\"wps_wgm_selected_temp\" value=\"4076\" type=\"hidden\"><\/div>\n\t\t<div class=\"quantity\">\n\t\t<label class=\"screen-reader-text\" for=\"quantity_69e07f5acf54c\" data-no-translation=\"\" data-trp-gettext=\"\">\u041a\u043e\u043b\u0438\u0447\u0435\u0441\u0442\u0432\u043e \u0442\u043e\u0432\u0430\u0440\u0430 Kinkekaart 40\u20ac<\/label>\n\t<input\n\t\ttype=\"number\"\n\t\t\t\tid=\"quantity_69e07f5acf54c\"\n\t\tclass=\"input-text qty text\"\n\t\tname=\"quantity\"\n\t\tvalue=\"1\"\n\t\taria-label=\"\u041a\u043e\u043b\u0438\u0447\u0435\u0441\u0442\u0432\u043e \u0442\u043e\u0432\u0430\u0440\u0430\"\n\t\t\t\tmin=\"1\"\n\t\tmax=\"\"\n\t\t\t\t\tstep=\"1\"\n\t\t\tplaceholder=\"\"\n\t\t\tinputmode=\"numeric\"\n\t\t\tautocomplete=\"off\" data-no-translation-aria-label=\"\"\n\t\t\t\/>\n\t<\/div>\n\n\t\t<button type=\"submit\" name=\"add-to-cart\" value=\"4246\" class=\"single_add_to_cart_button button alt\" data-no-translation=\"\" data-trp-gettext=\"\">\u0412 \u043a\u043e\u0440\u0437\u0438\u043d\u0443<\/button>\n\n\t\t\t<input type=\"hidden\" name=\"trp-form-language\" value=\"ru\"\/><\/form>\n\n\t\n<\/div>\n\n\n<\/div>  <!-- product-content -->\n\n<\/div><\/div>\t\t<\/div>\n\t\t\t\t<\/div>\n\t\t\t\t<div class=\"elementor-element elementor-element-d1a4e48 pp-single-product-align-center pp-badge-position-align-top-left pp-variation-table-width-full pp-single-product-buttons-auto elementor-invisible elementor-widget elementor-widget-pp-woo-single-product\" data-id=\"d1a4e48\" data-element_type=\"widget\" data-settings=\"{&quot;_animation&quot;:&quot;slideInRight&quot;,&quot;_animation_delay&quot;:50}\" data-widget_type=\"pp-woo-single-product.skin-4\">\n\t\t\t\t<div class=\"elementor-widget-container\">\n\t\t\t<div class=\"woocommerce pp-woocommerce pp-single-product pp-single-product-skin-4\"><div class=\"summary entry-summary clearfix\">\n<div class=\"single-product-image\">\n\t\t\t<img decoding=\"async\" width=\"300\" height=\"142\" src=\"https:\/\/www.karting.ee\/wp-content\/uploads\/2025\/03\/60karting-300x142.jpg\" class=\"pp-product-featured-image\" alt=\"\" data-no-lazy=\"1\" srcset=\"https:\/\/www.karting.ee\/wp-content\/uploads\/2025\/03\/60karting-300x142.jpg 300w, https:\/\/www.karting.ee\/wp-content\/uploads\/2025\/03\/60karting-768x363.jpg 768w, https:\/\/www.karting.ee\/wp-content\/uploads\/2025\/03\/60karting-18x9.jpg 18w, https:\/\/www.karting.ee\/wp-content\/uploads\/2025\/03\/60karting-600x284.jpg 600w, https:\/\/www.karting.ee\/wp-content\/uploads\/2025\/03\/60karting.jpg 875w\" sizes=\"(max-width: 300px) 100vw, 300px\" \/>\t\t<\/div>\n\n\n<div class=\"product-content\">\n\n    \n<p class=\"price\"><span class=\"woocommerce-Price-amount amount\"><bdi>60&nbsp;<span class=\"woocommerce-Price-currencySymbol\">&euro;<\/span><\/bdi><\/span><\/p>\n\n\n<div class=\"woocommerce-product-details__short-description\">\n\t<\/div>\n\n\n<div class=\"pp-product-action woocommerce-product-add-to-cart\">\n\t\n\t\n\t<form class=\"cart\" action=\"https:\/\/www.karting.ee\/ru\/product\/kinkekaart-60e\/\" method=\"post\" enctype='multipart\/form-data' data-trp-original-action=\"https:\/\/www.karting.ee\/ru\/product\/kinkekaart-60e\/\">\n\t\t<input type=\"hidden\" id=\"wps_wgm_single_nonce_field\" name=\"wps_wgm_single_nonce_field\" value=\"3d68f81378\" \/><input type=\"hidden\" name=\"_wp_http_referer\" value=\"\/ru\/wp-json\/wp\/v2\/pages\/751\" \/><div class=\"wps_wgm_added_wrapper wps-gc_lay-2\"><input type=\"hidden\" class=\"wps_wgm_price\" id=\"wps_wgm_price\" name=\"wps_wgm_price\" value=\"60\"><div class='wps_wgm_new_layout_for_from_select'><p class=\"wps_wgm_section wps_from\">\n\t\t\t\t\t\t\t\t\t<label class=\"wps_wgc_label\">\u041e\u0442<\/label>\t\n\t\t\t\t\t\t\t\t\t<input type=\"text\" name=\"wps_wgm_from_name\" id=\"wps_wgm_from_name\" class=\"wps_wgm_from_name\" placeholder=\"\u0412\u0432\u0435\u0434\u0438\u0442\u0435 \u0438\u043c\u044f \u043e\u0442\u043f\u0440\u0430\u0432\u0438\u0442\u0435\u043b\u044f\">\n\t\t\t\t\t\t\t\t\t<\/p><\/div><p class=\"wps_wgm_section wps_message\">\n\t\t\t\t\t\t\t<label class=\"wps_wgc_label\">\u041f\u043e\u0434\u0430\u0440\u043e\u0447\u043d\u043e\u0435 \u0441\u043e\u043e\u0431\u0449\u0435\u043d\u0438\u0435 <\/label>\t\n\t\t\t\t\t\t\t<textarea name=\"wps_wgm_message\" id=\"wps_wgm_message\" class=\"wps_wgm_message\"><\/textarea><span class=\"wps_wgm_message_length\">\u0421\u0438\u043c\u0432\u043e\u043b\u044b: (<span class=\"wps_box_char\">0<\/span>\/300)<\/span>\t\t\t\t\t\t\t\n\t\t\t\t\t\t\t<\/p><div class=\"wps_wgm_section wps_delivery_method\"><label class=\"wps_wgc_label\">\u0421\u043f\u043e\u0441\u043e\u0431 \u0434\u043e\u0441\u0442\u0430\u0432\u043a\u0438<\/label><div class=\"wps_wgm_delivery_method\">\n\t\t\t\t\t\t\t\t\t\t\t<input type=\"radio\" name=\"wps_wgm_send_giftcard\" value=\"Mail to recipient\" class=\"wps_wgm_send_giftcard\" checked=\"checked\" id=\"wps_wgm_to_email_send\">\n\t\t\t\t\t\t\t\t\t\t\t<span class=\"wps_wgm_method\">\u041e\u0442\u043f\u0440\u0430\u0432\u0438\u0442\u044c \u043f\u043e\u043b\u0443\u0447\u0430\u0442\u0435\u043b\u044e<\/span>\n\t\t\t\t\t\t\t\t\t\t\t<div class=\"wps_wgm_delivery_via_email\">\n\t\t\t\t\t\t\t\t\t\t\t\t<input type=\"text\" name=\"wps_wgm_to_email\" id=\"wps_wgm_to_email\" class=\"wps_wgm_to_email\" placeholder=\"\u0412\u0432\u0435\u0434\u0438\u0442\u0435 email \u043f\u043e\u043b\u0443\u0447\u0430\u0442\u0435\u043b\u044f\">\n\t\t\t\t\t\t\t\t\t\t\t\t\n\t\t\t\t\t\t\t\t\t\t\t\t<input type=\"text\" name=\"wps_wgm_to_name_optional\" id=\"wps_wgm_to_name_optional\" class=\"wps_wgm_to_email\" placeholder=\"\u0412\u0432\u0435\u0434\u0438\u0442\u0435 \u0438\u043c\u044f \u043f\u043e\u043b\u0443\u0447\u0430\u0442\u0435\u043b\u044f\">\n\t\t\t\t\t\t\t\t\t\t\t\t<span class=\"wps_wgm_msg_info\">\u041c\u044b \u043e\u0442\u043f\u0440\u0430\u0432\u0438\u043c \u0435\u0433\u043e \u043d\u0430 \u0430\u0434\u0440\u0435\u0441 \u044d\u043b\u0435\u043a\u0442\u0440\u043e\u043d\u043d\u043e\u0439 \u043f\u043e\u0447\u0442\u044b \u043f\u043e\u043b\u0443\u0447\u0430\u0442\u0435\u043b\u044f<\/span>\n\t\t\t\t\t\t\t\t\t\t\t\t<span class=\"wps_wgm_msg_info_multiple_name\"><\/span>\n\t\t\t\t\t\t\t\t\t\t\t<\/div>\n\t\t\t\t\t\t\t\t\t\t<\/div><\/div><input name=\"add-to-cart\" value=\"4254\" type=\"hidden\" class=\"wps_wgm_hidden_pro_id\"><input name=\"wps_wgm_selected_temp\" id=\"wps_wgm_selected_temp\" value=\"4076\" type=\"hidden\"><\/div>\n\t\t<div class=\"quantity\">\n\t\t<label class=\"screen-reader-text\" for=\"quantity_69e07f5ad0bfe\" data-no-translation=\"\" data-trp-gettext=\"\">\u041a\u043e\u043b\u0438\u0447\u0435\u0441\u0442\u0432\u043e \u0442\u043e\u0432\u0430\u0440\u0430 Kinkekaart 60\u20ac<\/label>\n\t<input\n\t\ttype=\"number\"\n\t\t\t\tid=\"quantity_69e07f5ad0bfe\"\n\t\tclass=\"input-text qty text\"\n\t\tname=\"quantity\"\n\t\tvalue=\"1\"\n\t\taria-label=\"\u041a\u043e\u043b\u0438\u0447\u0435\u0441\u0442\u0432\u043e \u0442\u043e\u0432\u0430\u0440\u0430\"\n\t\t\t\tmin=\"1\"\n\t\tmax=\"\"\n\t\t\t\t\tstep=\"1\"\n\t\t\tplaceholder=\"\"\n\t\t\tinputmode=\"numeric\"\n\t\t\tautocomplete=\"off\" data-no-translation-aria-label=\"\"\n\t\t\t\/>\n\t<\/div>\n\n\t\t<button type=\"submit\" name=\"add-to-cart\" value=\"4254\" class=\"single_add_to_cart_button button alt\" data-no-translation=\"\" data-trp-gettext=\"\">\u0412 \u043a\u043e\u0440\u0437\u0438\u043d\u0443<\/button>\n\n\t\t\t<input type=\"hidden\" name=\"trp-form-language\" value=\"ru\"\/><\/form>\n\n\t\n<\/div>\n\n\n<\/div>  <!-- product-content -->\n\n<\/div><\/div>\t\t<\/div>\n\t\t\t\t<\/div>\n\t\t\t\t\t<\/div>\n\t\t\t\t<\/div>\n\t\t<div class=\"elementor-element elementor-element-7bdaf66 e-flex e-con-boxed e-con e-parent\" data-id=\"7bdaf66\" data-element_type=\"container\">\n\t\t\t\t\t<div class=\"e-con-inner\">\n\t\t\t\t<div class=\"elementor-element elementor-element-c1dacf0 e-checkout-layout-two-column elementor-widget elementor-widget-woocommerce-checkout-page\" data-id=\"c1dacf0\" data-element_type=\"widget\" data-widget_type=\"woocommerce-checkout-page.default\">\n\t\t\t\t<div class=\"elementor-widget-container\">\n\t\t\t<div class=\"woocommerce\"><div class=\"woocommerce-notices-wrapper\"><\/div><\/div>\t\t<\/div>\n\t\t\t\t<\/div>\n\t\t\t\t\t<\/div>\n\t\t\t\t<\/div>\n\t\t\t\t\t<\/div>\n\t\t<\/div>\n\t\t\t\t\t<\/div>\n\t\t<\/section>\n\t\t\t\t<\/div>","protected":false},"excerpt":{"rendered":"<p>KINKEKAARDID Kinkekaart on v\u00f5imalik soetada summas 20 eurot, 40 eurot v\u00f5i 60 eurot. Kinkekaardiga saab kasutada k\u00f5iki meie poolt pakutavaid teenuseid. Eriline ja elamusterohke kingitus nii perele, s\u00f5pradele kui t\u00f6\u00f6kaaslastele! 20&nbsp;&euro; From Gift Message Characters: ( 0\/300) Delivery Method Mail To Recipient We will send it to the recipient&#8217;s email address Kinkekaart 20\u20ac kogus Lisa [&hellip;]<\/p>","protected":false},"author":1,"featured_media":0,"parent":0,"menu_order":0,"comment_status":"closed","ping_status":"closed","template":"","meta":{"site-sidebar-layout":"no-sidebar","site-content-layout":"page-builder","ast-site-content-layout":"full-width-container","site-content-style":"unboxed","site-sidebar-style":"unboxed","ast-global-header-display":"","ast-banner-title-visibility":"","ast-main-header-display":"","ast-hfb-above-header-display":"","ast-hfb-below-header-display":"","ast-hfb-mobile-header-display":"","site-post-title":"disabled","ast-breadcrumbs-content":"","ast-featured-img":"disabled","footer-sml-layout":"","theme-transparent-header-meta":"default","adv-header-id-meta":"","stick-header-meta":"","header-above-stick-meta":"","header-main-stick-meta":"","header-below-stick-meta":"","astra-migrate-meta-layouts":"set","ast-page-background-enabled":"default","ast-page-background-meta":{"desktop":{"background-color":"var(--ast-global-color-4)","background-image":"","background-repeat":"repeat","background-position":"center center","background-size":"auto","background-attachment":"scroll","background-type":"","background-media":"","overlay-type":"","overlay-color":"","overlay-opacity":"","overlay-gradient":""},"tablet":{"background-color":"","background-image":"","background-repeat":"repeat","background-position":"center center","background-size":"auto","background-attachment":"scroll","background-type":"","background-media":"","overlay-type":"","overlay-color":"","overlay-opacity":"","overlay-gradient":""},"mobile":{"background-color":"","background-image":"","background-repeat":"repeat","background-position":"center center","background-size":"auto","background-attachment":"scroll","background-type":"","background-media":"","overlay-type":"","overlay-color":"","overlay-opacity":"","overlay-gradient":""}},"ast-content-background-meta":{"desktop":{"background-color":"var(--ast-global-color-5)","background-image":"","background-repeat":"repeat","background-position":"center center","background-size":"auto","background-attachment":"scroll","background-type":"","background-media":"","overlay-type":"","overlay-color":"","overlay-opacity":"","overlay-gradient":""},"tablet":{"background-color":"var(--ast-global-color-5)","background-image":"","background-repeat":"repeat","background-position":"center center","background-size":"auto","background-attachment":"scroll","background-type":"","background-media":"","overlay-type":"","overlay-color":"","overlay-opacity":"","overlay-gradient":""},"mobile":{"background-color":"var(--ast-global-color-5)","background-image":"","background-repeat":"repeat","background-position":"center center","background-size":"auto","background-attachment":"scroll","background-type":"","background-media":"","overlay-type":"","overlay-color":"","overlay-opacity":"","overlay-gradient":""}},"footnotes":""},"yst_prominent_words":[],"class_list":["post-751","page","type-page","status-publish","hentry","desktop-align-left","tablet-align-left","mobile-align-left"],"_links":{"self":[{"href":"https:\/\/www.karting.ee\/ru\/wp-json\/wp\/v2\/pages\/751","targetHints":{"allow":["GET"]}}],"collection":[{"href":"https:\/\/www.karting.ee\/ru\/wp-json\/wp\/v2\/pages"}],"about":[{"href":"https:\/\/www.karting.ee\/ru\/wp-json\/wp\/v2\/types\/page"}],"author":[{"embeddable":true,"href":"https:\/\/www.karting.ee\/ru\/wp-json\/wp\/v2\/users\/1"}],"replies":[{"embeddable":true,"href":"https:\/\/www.karting.ee\/ru\/wp-json\/wp\/v2\/comments?post=751"}],"version-history":[{"count":5,"href":"https:\/\/www.karting.ee\/ru\/wp-json\/wp\/v2\/pages\/751\/revisions"}],"predecessor-version":[{"id":4400,"href":"https:\/\/www.karting.ee\/ru\/wp-json\/wp\/v2\/pages\/751\/revisions\/4400"}],"wp:attachment":[{"href":"https:\/\/www.karting.ee\/ru\/wp-json\/wp\/v2\/media?parent=751"}],"wp:term":[{"taxonomy":"yst_prominent_words","embeddable":true,"href":"https:\/\/www.karting.ee\/ru\/wp-json\/wp\/v2\/yst_prominent_words?post=751"}],"curies":[{"name":"wp","href":"https:\/\/api.w.org\/{rel}","templated":true}]}}